{"id":667,"date":"2021-03-12T08:26:46","date_gmt":"2021-03-12T07:26:46","guid":{"rendered":"http:\/\/xn--coproprit-binquenais-i2bb.fr\/?page_id=667"},"modified":"2021-04-21T20:10:30","modified_gmt":"2021-04-21T18:10:30","slug":"http-copropriete-binquenais-fr","status":"publish","type":"page","link":"https:\/\/copropriete-binquenais.fr\/","title":{"rendered":"Accueil"},"content":{"rendered":"\n<p class=\"has-vivid-red-color has-white-background-color has-text-color has-background has-medium-font-size\" style=\"line-height:1\"><strong><em>Derniers articles<\/em><\/strong><\/p>\n\n\n<ul class=\"wp-block-latest-posts__list has-dates has-author wp-block-latest-posts\"><li><a class=\"wp-block-latest-posts__post-title\" href=\"https:\/\/copropriete-binquenais.fr\/index.php\/2026\/01\/30\/livret-daccueil-de-la-copropriete\/\">Livret d&rsquo;accueil  de la copropri\u00e9t\u00e9<\/a><div class=\"wp-block-latest-posts__post-author\">par mfaucon<\/div><time datetime=\"2026-01-30T16:37:40+01:00\" class=\"wp-block-latest-posts__post-date\">30 janvier 2026<\/time><div class=\"wp-block-latest-posts__post-excerpt\">Pour tous les r\u00e9sidents Pou r les copropri\u00e9taires<\/div><\/li>\n<li><a class=\"wp-block-latest-posts__post-title\" href=\"https:\/\/copropriete-binquenais.fr\/index.php\/2026\/01\/17\/embellissement-du-talus-nord\/\">Embellissement du talus nord<\/a><div class=\"wp-block-latest-posts__post-author\">par mfaucon<\/div><time datetime=\"2026-01-17T14:29:18+01:00\" class=\"wp-block-latest-posts__post-date\">17 janvier 2026<\/time><div class=\"wp-block-latest-posts__post-excerpt\">La v\u00e9g\u00e9tation du talus nord au droit des n\u00b07 et n\u00b08 est tr\u00e8s d\u00e9grad\u00e9e. Le conseil syndical a vot\u00e9 la r\u00e9fection totale de cette partie d\u2019espace vert. L\u2019entreprise Inter\u2019Nature va retirer la v\u00e9g\u00e9tation actuelle cet hiver. Il sera plant\u00e9, au printemps, des pervenches blanches et violettes et des fusains rampants.<\/div><\/li>\n<li><a class=\"wp-block-latest-posts__post-title\" href=\"https:\/\/copropriete-binquenais.fr\/index.php\/2025\/05\/14\/chauffage\/\">Chauffage<\/a><div class=\"wp-block-latest-posts__post-author\">par mfaucon<\/div><time datetime=\"2025-05-14T13:38:25+02:00\" class=\"wp-block-latest-posts__post-date\">14 mai 2025<\/time><div class=\"wp-block-latest-posts__post-excerpt\">La saison de chauffe commenc\u00e9e le 30 septembre 2024 se termine le 15 mai 2025<\/div><\/li>\n<\/ul>\n\n\n<p class=\"has-vivid-red-color has-white-background-color has-text-color has-background\"><strong><em>Important<\/em><\/strong><\/p>\n\n\n<ul class=\"wp-block-latest-posts__list is-grid columns-2 has-author alignleft wp-block-latest-posts\"><li><a class=\"wp-block-latest-posts__post-title\" href=\"https:\/\/copropriete-binquenais.fr\/index.php\/2026\/01\/30\/livret-daccueil-de-la-copropriete\/\">Livret d&rsquo;accueil  de la copropri\u00e9t\u00e9<\/a><div class=\"wp-block-latest-posts__post-author\">par mfaucon<\/div><div class=\"wp-block-latest-posts__post-excerpt\">Pour tous les r\u00e9sidents Pou r les copropri\u00e9taires<\/div><\/li>\n<li><div class=\"wp-block-latest-posts__featured-image alignright\"><img loading=\"lazy\" decoding=\"async\" width=\"49\" height=\"34\" src=\"https:\/\/copropriete-binquenais.fr\/wp-content\/uploads\/2021\/02\/image.png\" class=\"attachment-thumbnail size-thumbnail wp-post-image\" alt=\"image du badge\" style=\"max-width:75px;max-height:75px;\" sizes=\"auto, 100vw\" \/><\/div><a class=\"wp-block-latest-posts__post-title\" href=\"https:\/\/copropriete-binquenais.fr\/index.php\/2021\/02\/17\/les-badges-dacces\/\">Les badges d&rsquo;acc\u00e8s<\/a><div class=\"wp-block-latest-posts__post-author\">par CoproLaBinquenais<\/div><div class=\"wp-block-latest-posts__post-excerpt\">Pour des raisons de s\u00e9curit\u00e9 , une mise \u00e0 jour des badges est r\u00e9alis\u00e9e. Votre attention est attir\u00e9e sur le fait que seuls les badges fournis par le syndic sont valables Les badges copi\u00e9s dans le commerce ne sont pas admis. Ils seront d\u00e9sactiv\u00e9s ainsi que le badge ayant servi \u00e0 faire la copie.<\/div><\/li>\n<li><div class=\"wp-block-latest-posts__featured-image alignright\"><img loading=\"lazy\" decoding=\"async\" width=\"150\" height=\"150\" src=\"https:\/\/copropriete-binquenais.fr\/wp-content\/uploads\/2020\/12\/Rosamma-kisspng-computer-icons-handshake-icon-design-clip-art-shake-hands-150x150.png\" class=\"attachment-thumbnail size-thumbnail wp-post-image\" alt=\"Coop\u00e9ration entre voisins : mutualisation\" style=\"max-width:75px;max-height:75px;\" srcset=\"https:\/\/copropriete-binquenais.fr\/wp-content\/uploads\/2020\/12\/Rosamma-kisspng-computer-icons-handshake-icon-design-clip-art-shake-hands-150x150.png 150w, https:\/\/copropriete-binquenais.fr\/wp-content\/uploads\/2020\/12\/Rosamma-kisspng-computer-icons-handshake-icon-design-clip-art-shake-hands-100x100.png 100w\" sizes=\"auto, 100vw\" \/><\/div><a class=\"wp-block-latest-posts__post-title\" href=\"https:\/\/copropriete-binquenais.fr\/index.php\/2020\/12\/09\/mutualisez-vos-travaux\/\">Mutualisez vos travaux<\/a><div class=\"wp-block-latest-posts__post-author\">par mfaucon<\/div><div class=\"wp-block-latest-posts__post-excerpt\">Copropri\u00e9taires, vous souhaitez changer vos fen\u00eatres, fermer votre balcon, votre s\u00e9choir ou changer votre porte, pensez \u00e0 la mutualisation des travaux. D&rsquo;autres copropri\u00e9taires ont peut-\u00eatre le m\u00eame d\u00e9sir que vous. Quand plusieurs copropri\u00e9taires se regroupent, ils peuvent n\u00e9gocier les prix. Transmettez-nous votre annonce, nous la mettrons sur le site. 10 d\u00e9cembre 2020 : au n\u00b07, &hellip; <p class=\"link-more\"><a href=\"https:\/\/copropriete-binquenais.fr\/index.php\/2020\/12\/09\/mutualisez-vos-travaux\/\" class=\"more-link\">Continuer la lecture<span class=\"screen-reader-text\"> de &laquo;&nbsp;Mutualisez vos travaux&nbsp;&raquo;<\/span><\/a><\/p><\/div><\/li>\n<li><a class=\"wp-block-latest-posts__post-title\" href=\"https:\/\/copropriete-binquenais.fr\/index.php\/2020\/11\/15\/le-compostage\/\">Le compostage des d\u00e9chets<\/a><div class=\"wp-block-latest-posts__post-author\">par mfaucon<\/div><div class=\"wp-block-latest-posts__post-excerpt\">Pourquoi composter ?Chacun de nous produit environ 470 kg de d\u00e9chets par an. Une partie seulement de ces d\u00e9chets est valoris\u00e9e. Nous jetons encore 200 kg de d\u00e9chets dans notre poubelle\u00abordures m\u00e9nag\u00e8res\u00bb destin\u00e9s \u00e0 \u00eatre incin\u00e9r\u00e9s. Chacun peut changer cela !Aujourd\u2019hui nous produisons pr\u00e8s de 45 kg\/hab\/an de d\u00e9chets de cuisine biod\u00e9gradables. Ceux-ci peuvent \u00eatre &hellip; <p class=\"link-more\"><a href=\"https:\/\/copropriete-binquenais.fr\/index.php\/2020\/11\/15\/le-compostage\/\" class=\"more-link\">Continuer la lecture<span class=\"screen-reader-text\"> de &laquo;&nbsp;Le compostage des d\u00e9chets&nbsp;&raquo;<\/span><\/a><\/p><\/div><\/li>\n<\/ul>\n\n\n<p><\/p>\n","protected":false},"excerpt":{"rendered":"<p>Derniers articles Important<\/p>\n","protected":false},"author":4,"featured_media":0,"parent":0,"menu_order":0,"comment_status":"closed","ping_status":"closed","template":"","meta":{"footnotes":""},"class_list":["post-667","page","type-page","status-publish","hentry"],"_links":{"self":[{"href":"https:\/\/copropriete-binquenais.fr\/index.php\/wp-json\/wp\/v2\/pages\/667","targetHints":{"allow":["GET"]}}],"collection":[{"href":"https:\/\/copropriete-binquenais.fr\/index.php\/wp-json\/wp\/v2\/pages"}],"about":[{"href":"https:\/\/copropriete-binquenais.fr\/index.php\/wp-json\/wp\/v2\/types\/page"}],"author":[{"embeddable":true,"href":"https:\/\/copropriete-binquenais.fr\/index.php\/wp-json\/wp\/v2\/users\/4"}],"replies":[{"embeddable":true,"href":"https:\/\/copropriete-binquenais.fr\/index.php\/wp-json\/wp\/v2\/comments?post=667"}],"version-history":[{"count":30,"href":"https:\/\/copropriete-binquenais.fr\/index.php\/wp-json\/wp\/v2\/pages\/667\/revisions"}],"predecessor-version":[{"id":746,"href":"https:\/\/copropriete-binquenais.fr\/index.php\/wp-json\/wp\/v2\/pages\/667\/revisions\/746"}],"wp:attachment":[{"href":"https:\/\/copropriete-binquenais.fr\/index.php\/wp-json\/wp\/v2\/media?parent=667"}],"curies":[{"name":"wp","href":"https:\/\/api.w.org\/{rel}","templated":true}]}}