{"id":38,"date":"2020-06-08T20:21:00","date_gmt":"2020-06-08T18:21:00","guid":{"rendered":"http:\/\/127.0.0.1\/edsa-La%20Binquenais\/?page_id=38"},"modified":"2023-07-06T11:52:58","modified_gmt":"2023-07-06T09:52:58","slug":"section-speciale-refection-pignons","status":"publish","type":"page","link":"https:\/\/copropriete-binquenais.fr\/index.php\/section-speciale-refection-pignons\/","title":{"rendered":"La R\u00e9fection des Pignons"},"content":{"rendered":"\n<div class=\"wp-block-file\"><a id=\"wp-block-file--media-a96a1308-ae22-4ffb-81b6-d82c0599f2e0\" href=\"https:\/\/copropriete-binquenais.fr\/wp-content\/uploads\/2020\/08\/Planning-BINQUENAIS-20-08-20-1.pdf\">Planning-BINQUENAIS-20-08-20-1<\/a><a href=\"https:\/\/copropriete-binquenais.fr\/wp-content\/uploads\/2020\/08\/Planning-BINQUENAIS-20-08-20-1.pdf\" class=\"wp-block-file__button wp-element-button\" download aria-describedby=\"wp-block-file--media-a96a1308-ae22-4ffb-81b6-d82c0599f2e0\">T\u00e9l\u00e9charger<br><\/a><\/div>\n\n\n\n<p><\/p>\n\n\n\n<h2 class=\"wp-block-heading\"><strong>\u00c9volution des travaux<\/strong><\/h2>\n\n\n\n<p>Les travaux ont d\u00e9marr\u00e9 par la pr\u00e9paration du chantier :<br>Pose de garde-corps et de filets de s\u00e9curit\u00e9 sur les 2 toits-terrasses, ainsi que de panneaux au sol pour prot\u00e9ger le rev\u00eatement d&rsquo;\u00e9tanch\u00e9it\u00e9.<br>Jeudi 20 ao\u00fbt : les bases des nacelles-bi-m\u00e2ts sont grut\u00e9es sur les toits-terrasses.<\/p>\n\n\n\n<figure class=\"wp-block-image size-medium\"><img loading=\"lazy\" decoding=\"async\" width=\"300\" height=\"242\" src=\"https:\/\/copropriete-binquenais.fr\/wp-content\/uploads\/2020\/08\/travaux-pignons-20-aout-2020-14h03-55-3-300x242.jpg\" alt=\"\" class=\"wp-image-255\" srcset=\"https:\/\/copropriete-binquenais.fr\/wp-content\/uploads\/2020\/08\/travaux-pignons-20-aout-2020-14h03-55-3-300x242.jpg 300w, https:\/\/copropriete-binquenais.fr\/wp-content\/uploads\/2020\/08\/travaux-pignons-20-aout-2020-14h03-55-3-1024x825.jpg 1024w\" sizes=\"auto, (max-width: 300px) 100vw, 300px\" \/><figcaption class=\"wp-element-caption\">c\u00f4t\u00e9 EST rue des \u00c9cotais<\/figcaption><\/figure>\n\n\n\n<figure class=\"wp-block-image size-medium\"><img loading=\"lazy\" decoding=\"async\" width=\"300\" height=\"200\" src=\"https:\/\/copropriete-binquenais.fr\/wp-content\/uploads\/2020\/08\/travaux-pignons-20-08-2020-14h07-55-300x200.jpg\" alt=\"\" class=\"wp-image-272\" srcset=\"https:\/\/copropriete-binquenais.fr\/wp-content\/uploads\/2020\/08\/travaux-pignons-20-08-2020-14h07-55-300x200.jpg 300w, https:\/\/copropriete-binquenais.fr\/wp-content\/uploads\/2020\/08\/travaux-pignons-20-08-2020-14h07-55-1024x682.jpg 1024w, https:\/\/copropriete-binquenais.fr\/wp-content\/uploads\/2020\/08\/travaux-pignons-20-08-2020-14h07-55-768x512.jpg 768w, https:\/\/copropriete-binquenais.fr\/wp-content\/uploads\/2020\/08\/travaux-pignons-20-08-2020-14h07-55-1536x1023.jpg 1536w, https:\/\/copropriete-binquenais.fr\/wp-content\/uploads\/2020\/08\/travaux-pignons-20-08-2020-14h07-55.jpg 1732w\" sizes=\"auto, (max-width: 300px) 100vw, 300px\" \/><figcaption class=\"wp-element-caption\"><em>Photographies Marc Kermabon<\/em><\/figcaption><\/figure>\n\n\n\n<p><\/p>\n","protected":false},"excerpt":{"rendered":"","protected":false},"author":1,"featured_media":0,"parent":0,"menu_order":0,"comment_status":"closed","ping_status":"closed","template":"","meta":{"footnotes":""},"class_list":["post-38","page","type-page","status-publish","hentry"],"_links":{"self":[{"href":"https:\/\/copropriete-binquenais.fr\/index.php\/wp-json\/wp\/v2\/pages\/38","targetHints":{"allow":["GET"]}}],"collection":[{"href":"https:\/\/copropriete-binquenais.fr\/index.php\/wp-json\/wp\/v2\/pages"}],"about":[{"href":"https:\/\/copropriete-binquenais.fr\/index.php\/wp-json\/wp\/v2\/types\/page"}],"author":[{"embeddable":true,"href":"https:\/\/copropriete-binquenais.fr\/index.php\/wp-json\/wp\/v2\/users\/1"}],"replies":[{"embeddable":true,"href":"https:\/\/copropriete-binquenais.fr\/index.php\/wp-json\/wp\/v2\/comments?post=38"}],"version-history":[{"count":9,"href":"https:\/\/copropriete-binquenais.fr\/index.php\/wp-json\/wp\/v2\/pages\/38\/revisions"}],"predecessor-version":[{"id":999,"href":"https:\/\/copropriete-binquenais.fr\/index.php\/wp-json\/wp\/v2\/pages\/38\/revisions\/999"}],"wp:attachment":[{"href":"https:\/\/copropriete-binquenais.fr\/index.php\/wp-json\/wp\/v2\/media?parent=38"}],"curies":[{"name":"wp","href":"https:\/\/api.w.org\/{rel}","templated":true}]}}