{"id":30,"date":"2020-06-08T20:21:00","date_gmt":"2020-06-08T18:21:00","guid":{"rendered":"http:\/\/127.0.0.1\/edsa-La%20Binquenais\/?page_id=30"},"modified":"2020-07-20T18:24:54","modified_gmt":"2020-07-20T16:24:54","slug":"le-conseil-syndical","status":"publish","type":"page","link":"https:\/\/copropriete-binquenais.fr\/index.php\/le-conseil-syndical\/","title":{"rendered":"Le Conseil syndical"},"content":{"rendered":"\n<p>Le Conseil syndical est le trait d\u2019union entre les copropri\u00e9taires et le syndic, avec lequel il collabore et qu\u2019il contr\u00f4le. En cela, le Conseil syndical constitue un des organes essentiels de la copropri\u00e9t\u00e9 ; ses membres sont \u00e9lus lors des assembl\u00e9es g\u00e9n\u00e9rales.<br>Il s\u2019efforce par ailleurs de favoriser entre tous les r\u00e9sidents des relations faites de respect mutuel.<br>Le Conseil syndical organise \u00e9galement chaque ann\u00e9e au mois de juin (quand c\u2019est possible) une \u00ab F\u00eate des Voisins \u00bb qui permet de mieux faire connaissance et de se retrouver.<\/p>\n\n\n\n<p>Vous pouvez contacter le Conseil syndical via ce formulaire : <\/p>\n\n\n\n<div class=\"wp-block-group\"><div class=\"wp-block-group__inner-container is-layout-flow wp-block-group-is-layout-flow\">\n<pre class=\"wp-block-preformatted\">Nom :   ...............\nMail :  ..........@...........\nMessage : \n....................................................\n....................................................\n....................................................\n....................................................\n....................................................\n....................................................\n<\/pre>\n<\/div><\/div>\n\n\n\n<p><\/p>\n","protected":false},"excerpt":{"rendered":"<p>Le Conseil syndical est le trait d\u2019union entre les copropri\u00e9taires et le syndic, avec lequel il collabore et qu\u2019il contr\u00f4le. En cela, le Conseil syndical constitue un des organes essentiels de la copropri\u00e9t\u00e9 ; ses membres sont \u00e9lus lors des assembl\u00e9es g\u00e9n\u00e9rales.Il s\u2019efforce par ailleurs de favoriser entre tous les r\u00e9sidents des relations faites de &hellip; <\/p>\n<p class=\"link-more\"><a href=\"https:\/\/copropriete-binquenais.fr\/index.php\/le-conseil-syndical\/\" class=\"more-link\">Continuer la lecture<span class=\"screen-reader-text\"> de &laquo;&nbsp;Le Conseil syndical&nbsp;&raquo;<\/span><\/a><\/p>\n","protected":false},"author":1,"featured_media":0,"parent":0,"menu_order":0,"comment_status":"closed","ping_status":"closed","template":"","meta":{"footnotes":""},"class_list":["post-30","page","type-page","status-publish","hentry"],"_links":{"self":[{"href":"https:\/\/copropriete-binquenais.fr\/index.php\/wp-json\/wp\/v2\/pages\/30","targetHints":{"allow":["GET"]}}],"collection":[{"href":"https:\/\/copropriete-binquenais.fr\/index.php\/wp-json\/wp\/v2\/pages"}],"about":[{"href":"https:\/\/copropriete-binquenais.fr\/index.php\/wp-json\/wp\/v2\/types\/page"}],"author":[{"embeddable":true,"href":"https:\/\/copropriete-binquenais.fr\/index.php\/wp-json\/wp\/v2\/users\/1"}],"replies":[{"embeddable":true,"href":"https:\/\/copropriete-binquenais.fr\/index.php\/wp-json\/wp\/v2\/comments?post=30"}],"version-history":[{"count":0,"href":"https:\/\/copropriete-binquenais.fr\/index.php\/wp-json\/wp\/v2\/pages\/30\/revisions"}],"wp:attachment":[{"href":"https:\/\/copropriete-binquenais.fr\/index.php\/wp-json\/wp\/v2\/media?parent=30"}],"curies":[{"name":"wp","href":"https:\/\/api.w.org\/{rel}","templated":true}]}}