{"id":29,"date":"2020-06-08T20:21:00","date_gmt":"2020-06-08T18:21:00","guid":{"rendered":"http:\/\/127.0.0.1\/edsa-La%20Binquenais\/?page_id=29"},"modified":"2022-10-17T23:21:17","modified_gmt":"2022-10-17T21:21:17","slug":"chauffage-collectif","status":"publish","type":"page","link":"https:\/\/copropriete-binquenais.fr\/index.php\/chauffage-collectif\/","title":{"rendered":"Chauffage collectif"},"content":{"rendered":"\n<p><\/p>\n\n\n\n<div class=\"wp-block-columns has-pale-ocean-gradient-background has-background is-layout-flex wp-container-core-columns-is-layout-9d6595d7 wp-block-columns-is-layout-flex\">\n<div class=\"wp-block-column is-layout-flow wp-block-column-is-layout-flow\" style=\"flex-basis:100%\">\n<div class=\"wp-block-group\"><div class=\"wp-block-group__inner-container is-layout-flow wp-block-group-is-layout-flow\"><ul class=\"wp-block-latest-posts__list wp-block-latest-posts\"><li><a class=\"wp-block-latest-posts__post-title\" href=\"https:\/\/copropriete-binquenais.fr\/index.php\/2023\/10\/17\/ouverture-du-chauffage\/\">Ouverture du chauffage<\/a><div class=\"wp-block-latest-posts__post-full-content\"><!-- wp:paragraph -->\n<p>Au vu des conditions atmosph\u00e9riques, la mise en route du chauffage  pour notre copropri\u00e9t\u00e9, aura lieu le mercredi 18 octobre 2023;<\/p>\n<!-- \/wp:paragraph --><\/div><\/li>\n<li><a class=\"wp-block-latest-posts__post-title\" href=\"https:\/\/copropriete-binquenais.fr\/index.php\/2023\/04\/15\/attetion-cheque-energie-exceptionnel-bois\/\">ATTETION ch\u00e8que \u00e9nergie exceptionnel bois<\/a><div class=\"wp-block-latest-posts__post-full-content\"><!-- wp:paragraph -->\n<p>Les personnes qui auront re\u00e7u un ch\u00e8que \u00e9nergie exceptionnel op\u00e9ration bois <strong>devront le transmettra au cabinet Lefeuvre <\/strong>notre syndic. Celui-ci les transmettra \u00e0 Engie, notre fournisseur  d&rsquo;\u00e9nergie. Apr_s le paiement par Engie, le syndic d\u00e9duira les sommes pour chaque copropri\u00e9taire concern\u00e9.<\/p>\n<!-- \/wp:paragraph -->\n\n<!-- wp:paragraph -->\n<p><strong>Les locataires enverront le ch\u00e8que \u00e9nergie bois \u00e0 leur propri\u00e9taire<\/strong> qui le d\u00e9duira du montant du loyer apr\u00e8s transmission au syndic.<\/p>\n<!-- \/wp:paragraph --><\/div><\/li>\n<li><a class=\"wp-block-latest-posts__post-title\" href=\"https:\/\/copropriete-binquenais.fr\/index.php\/2022\/10\/16\/2022-ouverture-du-chauffage\/\">Ouverture du chauffage en 2022<\/a><div class=\"wp-block-latest-posts__post-full-content\"><!-- wp:paragraph -->\n<p>La mise en route du chauffage a \u00e9t\u00e9 demand\u00e9e pour le lundi 17 octobre 2022. <\/p>\n<!-- \/wp:paragraph --><\/div><\/li>\n<li><a class=\"wp-block-latest-posts__post-title\" href=\"https:\/\/copropriete-binquenais.fr\/index.php\/2021\/10\/07\/2021-ouverture-du-chauffage\/\">Rouverture du chauffage en 2021<\/a><div class=\"wp-block-latest-posts__post-full-content\"><!-- wp:paragraph -->\n<p>Le chauffage est mis en route le jeudi 7 octobre 2021.<\/p>\n<!-- \/wp:paragraph --><\/div><\/li>\n<li><a class=\"wp-block-latest-posts__post-title\" href=\"https:\/\/copropriete-binquenais.fr\/index.php\/2021\/05\/12\/fermeture-du-chauffage\/\">Fermeture du chauffage en 2021<\/a><div class=\"wp-block-latest-posts__post-full-content\"><!-- wp:paragraph -->\n<p>Le chauffage doit \u00eatre ferm\u00e9 le 17 mai prochain.<\/p>\n<!-- \/wp:paragraph --><\/div><\/li>\n<li><a class=\"wp-block-latest-posts__post-title\" href=\"https:\/\/copropriete-binquenais.fr\/index.php\/2020\/09\/30\/saison-de-chauffe\/\">Rouverture du chauffage 2020<\/a><div class=\"wp-block-latest-posts__post-full-content\"><!-- wp:paragraph -->\n<p>Vu les conditions atmosph\u00e9riques, le chauffage est mis en route d\u00e8s ce 30 septembre 2020.<\/p>\n<!-- \/wp:paragraph --><\/div><\/li>\n<li><a class=\"wp-block-latest-posts__post-title\" href=\"https:\/\/copropriete-binquenais.fr\/index.php\/2020\/05\/14\/fermeture-du-chauffage-en-2020\/\">Fermeture du chauffage en 2020<\/a><div class=\"wp-block-latest-posts__post-full-content\"><!-- wp:paragraph -->\n<p><strong>En accord avec ENGIE et le Syndic<\/strong>, le Conseil syndical avait d\u00e9cid\u00e9 de couper le chauffage le vendredi 15 mai 2020, apr\u00e8s les \u00ab saints de glace \u00bb. <\/p>\n<!-- \/wp:paragraph -->\n\n<!-- wp:paragraph -->\n<p>\u00c0 la requ\u00eate de plusieurs habitantes, rapport\u00e9e par plusieurs membres du C.S., la fermeture est repouss\u00e9e au lundi 18 mai. <\/p>\n<!-- \/wp:paragraph --><\/div><\/li>\n<\/ul><\/div><\/div>\n<\/div>\n<\/div>\n","protected":false},"excerpt":{"rendered":"","protected":false},"author":1,"featured_media":0,"parent":0,"menu_order":0,"comment_status":"closed","ping_status":"closed","template":"","meta":{"footnotes":""},"class_list":["post-29","page","type-page","status-publish","hentry"],"_links":{"self":[{"href":"https:\/\/copropriete-binquenais.fr\/index.php\/wp-json\/wp\/v2\/pages\/29","targetHints":{"allow":["GET"]}}],"collection":[{"href":"https:\/\/copropriete-binquenais.fr\/index.php\/wp-json\/wp\/v2\/pages"}],"about":[{"href":"https:\/\/copropriete-binquenais.fr\/index.php\/wp-json\/wp\/v2\/types\/page"}],"author":[{"embeddable":true,"href":"https:\/\/copropriete-binquenais.fr\/index.php\/wp-json\/wp\/v2\/users\/1"}],"replies":[{"embeddable":true,"href":"https:\/\/copropriete-binquenais.fr\/index.php\/wp-json\/wp\/v2\/comments?post=29"}],"version-history":[{"count":4,"href":"https:\/\/copropriete-binquenais.fr\/index.php\/wp-json\/wp\/v2\/pages\/29\/revisions"}],"predecessor-version":[{"id":938,"href":"https:\/\/copropriete-binquenais.fr\/index.php\/wp-json\/wp\/v2\/pages\/29\/revisions\/938"}],"wp:attachment":[{"href":"https:\/\/copropriete-binquenais.fr\/index.php\/wp-json\/wp\/v2\/media?parent=29"}],"curies":[{"name":"wp","href":"https:\/\/api.w.org\/{rel}","templated":true}]}}